{"id":143,"date":"2019-04-24T15:15:10","date_gmt":"2019-04-24T13:15:10","guid":{"rendered":"http:\/\/art-therapeute.net\/?page_id=143"},"modified":"2021-09-23T09:17:53","modified_gmt":"2021-09-23T07:17:53","slug":"temoignages","status":"publish","type":"page","link":"https:\/\/art-therapeute.net\/index.php\/a-propos\/temoignages\/","title":{"rendered":"Quelques retours d&rsquo;exp\u00e9rience&#8230;"},"content":{"rendered":"<p><em>\u00ab\u00a0Superbe weekend avec nous toutes, le stage \u00e9tait vraiment riche en d\u00e9couvertes, merci !\u00a0\u00bb<\/em> (No\u00e9mie)<\/p>\n<p><em>\u00ab\u00a0Une exp\u00e9rience hors du commun&#8230; Au passage je remercie mon Inconscient pour cette info vue au travers de la peinture&#8230; Et aussi un grand merci \u00e0 Toi ch\u00e8re Myra, Merci pour le regard que tu poses avec ton C\u0153ur et tous tes sens&#8230; sur les souffrances.\u00a0\u00bb<\/em> (Anne)<\/p>\n<p><em>\u00ab\u00a0Premier atelier d&rsquo;art th\u00e9rapie !!!! Quelle belle d\u00e9couverte. Dans un accueil authentique, avec simplicit\u00e9, la peinture prend forme.\u00a0 L&rsquo;analyse apporte une pr\u00e9cision au tableau et la mise en mots pose les choses. L&rsquo;acte symbolique propos\u00e9 permet de conclure cet atelier et la lib\u00e9ration se fait dans la mati\u00e8re. Merci Myra&#8230; Du fond du c\u0153ur.\u00a0\u00bb<\/em> (Sylvie)<\/p>\n<p><em>\u00ab\u00a0Ce stage m&rsquo;a permis de comprendre certains n\u0153uds qui sont ancr\u00e9s en moi et de me positionner en tant qu&rsquo;\u00eatre \u00e0 part enti\u00e8re.\u00a0\u00bb<\/em> (Marie-Do)<\/p>\n","protected":false},"excerpt":{"rendered":"<p>\u00ab\u00a0Superbe weekend avec nous toutes, le stage \u00e9tait vraiment riche en d\u00e9couvertes, merci !\u00a0\u00bb (No\u00e9mie) \u00ab\u00a0Une exp\u00e9rience hors du commun&#8230; Au passage je remercie mon Inconscient pour cette info vue au travers de la peinture&#8230; Et aussi un grand merci \u00e0 Toi ch\u00e8re Myra, Merci pour le regard que tu poses avec ton C\u0153ur et &hellip; Continuer la lecture de &laquo;&nbsp;Quelques retours d&rsquo;exp\u00e9rience&#8230;&nbsp;&raquo;<\/p>\n","protected":false},"author":1,"featured_media":0,"parent":28,"menu_order":0,"comment_status":"closed","ping_status":"closed","template":"","meta":[],"_links":{"self":[{"href":"https:\/\/art-therapeute.net\/index.php\/wp-json\/wp\/v2\/pages\/143"}],"collection":[{"href":"https:\/\/art-therapeute.net\/index.php\/wp-json\/wp\/v2\/pages"}],"about":[{"href":"https:\/\/art-therapeute.net\/index.php\/wp-json\/wp\/v2\/types\/page"}],"author":[{"embeddable":true,"href":"https:\/\/art-therapeute.net\/index.php\/wp-json\/wp\/v2\/users\/1"}],"replies":[{"embeddable":true,"href":"https:\/\/art-therapeute.net\/index.php\/wp-json\/wp\/v2\/comments?post=143"}],"version-history":[{"count":3,"href":"https:\/\/art-therapeute.net\/index.php\/wp-json\/wp\/v2\/pages\/143\/revisions"}],"predecessor-version":[{"id":288,"href":"https:\/\/art-therapeute.net\/index.php\/wp-json\/wp\/v2\/pages\/143\/revisions\/288"}],"up":[{"embeddable":true,"href":"https:\/\/art-therapeute.net\/index.php\/wp-json\/wp\/v2\/pages\/28"}],"wp:attachment":[{"href":"https:\/\/art-therapeute.net\/index.php\/wp-json\/wp\/v2\/media?parent=143"}],"curies":[{"name":"wp","href":"https:\/\/api.w.org\/{rel}","templated":true}]}}