{"id":41,"date":"2019-04-22T11:54:16","date_gmt":"2019-04-22T09:54:16","guid":{"rendered":"http:\/\/art-therapeute.net\/?page_id=41"},"modified":"2020-10-04T22:57:35","modified_gmt":"2020-10-04T20:57:35","slug":"lart-therapie-analytique","status":"publish","type":"page","link":"https:\/\/art-therapeute.net\/index.php\/a-propos\/lart-therapie-analytique\/","title":{"rendered":"De quoi s&rsquo;agit-il ?"},"content":{"rendered":"\n<p>Le concept d&rsquo;<strong>art-th\u00e9rapie analytique<\/strong> a \u00e9t\u00e9 cr\u00e9\u00e9 et d\u00e9velopp\u00e9 par<a href=\"http:\/\/www.atelier-vert-lumiere.com\/geraldquitaud.html\"> <strong>G\u00e9rald Quitaud<\/strong><\/a>, qui pratique et transmet sa m\u00e9thode au sein de <a href=\"http:\/\/www.atelier-vert-lumiere.com\/index.html\"><strong>l&rsquo;Atelier Vert Lumi\u00e8re<\/strong><\/a> depuis de nombreuses ann\u00e9es. <\/p>\n\n\n\n<p>Outre les vertus th\u00e9rapeutiques qu&rsquo;elle partage avec diff\u00e9rentes formes d&rsquo;art-th\u00e9rapie, l&rsquo;art-th\u00e9rapie analytique se distingue par l&rsquo;int\u00e9r\u00eat particulier qu&rsquo;elle porte sur l&rsquo;inconscient. Elle fait appel \u00e0 l&rsquo;imaginaire plut\u00f4t qu&rsquo;\u00e0 l&rsquo;imagination, pour explorer les profondeurs de l&rsquo;\u00eatre. Sa pratique r\u00e9guli\u00e8re est un pr\u00e9cieux outil pour qui souhaite avancer sur son chemin d&rsquo;\u00e9volution. <\/p>\n\n\n\n<p><strong>En pratique :<\/strong><\/p>\n\n\n\n<p>Cette d\u00e9marche s&rsquo;appuie d&rsquo;une part sur des ateliers d&rsquo;expression picturale proposant un jeu cr\u00e9atif  avec le medium peinture, et d&rsquo;autre part sur l&rsquo;analyse des tableaux produits lors de ces s\u00e9ances.<\/p>\n\n\n\n<p>Tout commence par une cr\u00e9ation spontan\u00e9e qui permet de contacter l&rsquo;inconscient et de d\u00e9jouer le mental, afin de produire une image abstraite. Celle-ci rec\u00e8le un myst\u00e9rieux message \u00e9manant des profondeurs de notre \u00eatre.<\/p>\n\n\n\n<p>Pour le d\u00e9crypter, il faut d&rsquo;abord d\u00e9busquer des formes figuratives cach\u00e9es dans l&rsquo;image, les rendre visibles et identifiables ; peindre ce que l&rsquo;on voit (personnes, animaux, objets, paysages&#8230;). Le tableau abstrait produit initialement est ainsi transform\u00e9 jusqu&rsquo;\u00e0 devenir totalement figuratif. <\/p>\n\n\n\n<p>Durant l&rsquo;atelier d&rsquo;expression picturale, le r\u00f4le de l&rsquo;art-th\u00e9rapeute est d&rsquo;accompagner et faciliter le processus cr\u00e9atif.<\/p>\n\n\n\n<p>Les oeuvres ainsi produites sont ensuite analys\u00e9es par le cr\u00e9ateur et l&rsquo;art-th\u00e9rapeute qui \u00e9laborent ensemble une hypoth\u00e8se d&rsquo;interpr\u00e9tation. Cette co-cr\u00e9ation est fond\u00e9e sur la mise en perspective des \u00e9l\u00e9ments du tableau, de leur repr\u00e9sentation symbolique, et du jeu de questions-r\u00e9ponses qui s&rsquo;instaure entre le th\u00e9rapeute et le cr\u00e9ateur.<\/p>\n\n\n\n<p>Celle-ci n&rsquo;a pas valeur de v\u00e9rit\u00e9 unique et universelle bien s\u00fbr. Elle ne pr\u00e9tend pas apporter de \u00ab\u00a0solution miracle\u00a0\u00bb. L&rsquo;objectif est plut\u00f4t d&rsquo;amener le cr\u00e9ateur \u00e0 porter un regard nouveau sur sa probl\u00e9matique \u00e0 la lueur de ce qui est d\u00e9voil\u00e9 par l&rsquo;analyse, et de susciter en lui de pr\u00e9cieux questionnements qui alimenteront son processus d&rsquo;\u00e9volution. Le cas \u00e9ch\u00e9ant, un acte symbolique peut \u00eatre propos\u00e9 par le th\u00e9rapeute, pour parfaire ce processus alchimique.<\/p>\n","protected":false},"excerpt":{"rendered":"<p>Le concept d&rsquo;art-th\u00e9rapie analytique a \u00e9t\u00e9 cr\u00e9\u00e9 et d\u00e9velopp\u00e9 par G\u00e9rald Quitaud, qui pratique et transmet sa m\u00e9thode au sein de l&rsquo;Atelier Vert Lumi\u00e8re depuis de nombreuses ann\u00e9es. Outre les vertus th\u00e9rapeutiques qu&rsquo;elle partage avec diff\u00e9rentes formes d&rsquo;art-th\u00e9rapie, l&rsquo;art-th\u00e9rapie analytique se distingue par l&rsquo;int\u00e9r\u00eat particulier qu&rsquo;elle porte sur l&rsquo;inconscient. Elle fait appel \u00e0 l&rsquo;imaginaire plut\u00f4t &hellip; Continuer la lecture de &laquo;&nbsp;De quoi s&rsquo;agit-il ?&nbsp;&raquo;<\/p>\n","protected":false},"author":1,"featured_media":0,"parent":28,"menu_order":0,"comment_status":"closed","ping_status":"closed","template":"","meta":[],"_links":{"self":[{"href":"https:\/\/art-therapeute.net\/index.php\/wp-json\/wp\/v2\/pages\/41"}],"collection":[{"href":"https:\/\/art-therapeute.net\/index.php\/wp-json\/wp\/v2\/pages"}],"about":[{"href":"https:\/\/art-therapeute.net\/index.php\/wp-json\/wp\/v2\/types\/page"}],"author":[{"embeddable":true,"href":"https:\/\/art-therapeute.net\/index.php\/wp-json\/wp\/v2\/users\/1"}],"replies":[{"embeddable":true,"href":"https:\/\/art-therapeute.net\/index.php\/wp-json\/wp\/v2\/comments?post=41"}],"version-history":[{"count":13,"href":"https:\/\/art-therapeute.net\/index.php\/wp-json\/wp\/v2\/pages\/41\/revisions"}],"predecessor-version":[{"id":237,"href":"https:\/\/art-therapeute.net\/index.php\/wp-json\/wp\/v2\/pages\/41\/revisions\/237"}],"up":[{"embeddable":true,"href":"https:\/\/art-therapeute.net\/index.php\/wp-json\/wp\/v2\/pages\/28"}],"wp:attachment":[{"href":"https:\/\/art-therapeute.net\/index.php\/wp-json\/wp\/v2\/media?parent=41"}],"curies":[{"name":"wp","href":"https:\/\/api.w.org\/{rel}","templated":true}]}}