{"id":56,"date":"2019-04-22T17:38:45","date_gmt":"2019-04-22T15:38:45","guid":{"rendered":"http:\/\/art-therapeute.net\/?page_id=56"},"modified":"2021-09-23T09:14:20","modified_gmt":"2021-09-23T07:14:20","slug":"seance-hebdomadaire","status":"publish","type":"page","link":"https:\/\/art-therapeute.net\/index.php\/activites\/seance-hebdomadaire\/","title":{"rendered":"L&rsquo;atelier d&rsquo;expression picturale"},"content":{"rendered":"\n<p>L&rsquo;atelier Ohr vous propose deux rendez-vous hebdomadaires : Les mardis de 10 \u00e0 12 heures et mercredis de 17 \u00e0 19 heures.<\/p>\n\n\n\n<p class=\"has-text-align-right\">Le principe de ces s\u00e9ances : Chacun vient librement, selon son d\u00e9sir et sa disponibilit\u00e9, pour peindre \u00e0 son rythme, se d\u00e9tendre, \u00e9changer, et b\u00e9n\u00e9ficier de l&rsquo;accompagnement de l&rsquo;art-th\u00e9rapeute, dans l&rsquo;atmosph\u00e8re paisible et chaleureuse de l&rsquo;atelier.<\/p>\n\n\n\n<p>Une fois le tableau termin\u00e9, au terme d&rsquo;une ou plusieurs s\u00e9ances, on peut, si on le souhaite, prendre rendez-vous avec l&rsquo;art-th\u00e9rapeute pour proc\u00e9der \u00e0 l&rsquo;analyse.<\/p>\n\n\n\n<p class=\"has-luminous-vivid-orange-color has-text-color\"><strong>Informations et inscriptions aupr\u00e8s de Myra :<\/strong><\/p>\n\n\n\n<p class=\"has-vivid-cyan-blue-color has-text-color\"><strong>06 50 70 71 05 &#8211; myra@art-therapeute.net <\/strong><\/p>\n\n\n\n<p class=\"has-text-color\" style=\"color:#424a50\"><strong>Tarif : 22\u20ac\/s\u00e9ance &#8211; 80\u20ac\/4 s\u00e9ances &#8211; 188\u20ac\/10seances<\/strong> &#8211; <strong>35\u20ac\/Analyse de tableau<\/strong><\/p>\n\n\n\n<p><em>Si l&rsquo;argent est un obstacle, n&rsquo;h\u00e9sitez pas \u00e0 en parler, des solutions sont envisageables !<\/em><\/p>\n","protected":false},"excerpt":{"rendered":"<p>L&rsquo;atelier Ohr vous propose deux rendez-vous hebdomadaires : Les mardis de 10 \u00e0 12 heures et mercredis de 17 \u00e0 19 heures. Le principe de ces s\u00e9ances : Chacun vient librement, selon son d\u00e9sir et sa disponibilit\u00e9, pour peindre \u00e0 son rythme, se d\u00e9tendre, \u00e9changer, et b\u00e9n\u00e9ficier de l&rsquo;accompagnement de l&rsquo;art-th\u00e9rapeute, dans l&rsquo;atmosph\u00e8re paisible et &hellip; Continuer la lecture de &laquo;&nbsp;L&rsquo;atelier d&rsquo;expression picturale&nbsp;&raquo;<\/p>\n","protected":false},"author":1,"featured_media":0,"parent":34,"menu_order":0,"comment_status":"closed","ping_status":"closed","template":"","meta":[],"_links":{"self":[{"href":"https:\/\/art-therapeute.net\/index.php\/wp-json\/wp\/v2\/pages\/56"}],"collection":[{"href":"https:\/\/art-therapeute.net\/index.php\/wp-json\/wp\/v2\/pages"}],"about":[{"href":"https:\/\/art-therapeute.net\/index.php\/wp-json\/wp\/v2\/types\/page"}],"author":[{"embeddable":true,"href":"https:\/\/art-therapeute.net\/index.php\/wp-json\/wp\/v2\/users\/1"}],"replies":[{"embeddable":true,"href":"https:\/\/art-therapeute.net\/index.php\/wp-json\/wp\/v2\/comments?post=56"}],"version-history":[{"count":12,"href":"https:\/\/art-therapeute.net\/index.php\/wp-json\/wp\/v2\/pages\/56\/revisions"}],"predecessor-version":[{"id":286,"href":"https:\/\/art-therapeute.net\/index.php\/wp-json\/wp\/v2\/pages\/56\/revisions\/286"}],"up":[{"embeddable":true,"href":"https:\/\/art-therapeute.net\/index.php\/wp-json\/wp\/v2\/pages\/34"}],"wp:attachment":[{"href":"https:\/\/art-therapeute.net\/index.php\/wp-json\/wp\/v2\/media?parent=56"}],"curies":[{"name":"wp","href":"https:\/\/api.w.org\/{rel}","templated":true}]}}